{"id":2,"date":"2013-01-23T21:37:59","date_gmt":"2013-01-23T21:37:59","guid":{"rendered":"http:\/\/www.ecatalogos.com.br\/amec\/?page_id=2"},"modified":"2021-02-17T19:09:43","modified_gmt":"2021-02-17T19:09:43","slug":"pagina-exemplo","status":"publish","type":"page","link":"https:\/\/cantagalo.org.br\/?page_id=2","title":{"rendered":"Sobre"},"content":{"rendered":"<p>A Associa\u00e7\u00e3o dos Moradores do Cantagalo \u00e9 uma entidade civil, sem finalidade lucrativa, fundada em 18 de maio de 2012, com sede na Estrada do Cantagalo , 2400, Itaipava \u2013 Petr\u00f3polis\/RJ. Seu diretor-presidente \u00e9 o senhor Luis Ant\u00f4nio Oliveira de Souza. A associa\u00e7\u00e3o tem como objetivo: a recupera\u00e7\u00e3o e manuten\u00e7\u00e3o do meio ambiente local, nele inclu\u00eddas a prote\u00e7\u00e3o das \u00e1guas, fauna e flora locais, o desenvolvimento e integra\u00e7\u00e3o da comunidade local.<\/p>\n<p><a title=\"Estatuto\" href=\"https:\/\/cantagalo.org.br\/wp-content\/uploads\/2013\/01\/Estatuto-Social-da-Associa\u00e7\u00e3o-dos-Moradores-do-Cantagalo.pdf\">Estatuto Social da Associa\u00e7\u00e3o dos Moradores do Cantagalo<\/a><\/p>\n<p><a title=\"Presta\u00e7\u00e3o de Contas\" href=\"https:\/\/cantagalo.org.br\/?p=777\" target=\"_blank\" rel=\"noopener\">Presta\u00e7\u00e3o de Contas<\/a><\/p>\n<p>Importante:<br \/>\n-clique em um m\u00eas em Arquivos caso queira ver todas as publica\u00e7\u00f5es feitas naquele<br \/>\nper\u00edodo.<br \/>\n-coment\u00e1rios dos usu\u00e1rios ser\u00e3o moderados.\u00a0 Sugerimos que os mesmos sejam impessoais e de interesse amplo.<\/p>\n","protected":false},"excerpt":{"rendered":"<p>A Associa\u00e7\u00e3o dos Moradores do Cantagalo \u00e9 uma entidade civil, sem finalidade lucrativa, fundada em 18 de maio de 2012, com sede na Estrada do Cantagalo , 2400, Itaipava \u2013 Petr\u00f3polis\/RJ. Seu diretor-presidente \u00e9 o senhor Luis Ant\u00f4nio Oliveira de Souza. A associa\u00e7\u00e3o tem como objetivo: a recupera\u00e7\u00e3o e manuten\u00e7\u00e3o do meio ambiente local, nele&hellip;<\/p>\n","protected":false},"author":1,"featured_media":0,"parent":0,"menu_order":0,"comment_status":"open","ping_status":"open","template":"","meta":{"footnotes":""},"class_list":["post-2","page","type-page","status-publish","hentry"],"_links":{"self":[{"href":"https:\/\/cantagalo.org.br\/index.php?rest_route=\/wp\/v2\/pages\/2","targetHints":{"allow":["GET"]}}],"collection":[{"href":"https:\/\/cantagalo.org.br\/index.php?rest_route=\/wp\/v2\/pages"}],"about":[{"href":"https:\/\/cantagalo.org.br\/index.php?rest_route=\/wp\/v2\/types\/page"}],"author":[{"embeddable":true,"href":"https:\/\/cantagalo.org.br\/index.php?rest_route=\/wp\/v2\/users\/1"}],"replies":[{"embeddable":true,"href":"https:\/\/cantagalo.org.br\/index.php?rest_route=%2Fwp%2Fv2%2Fcomments&post=2"}],"version-history":[{"count":8,"href":"https:\/\/cantagalo.org.br\/index.php?rest_route=\/wp\/v2\/pages\/2\/revisions"}],"predecessor-version":[{"id":792,"href":"https:\/\/cantagalo.org.br\/index.php?rest_route=\/wp\/v2\/pages\/2\/revisions\/792"}],"wp:attachment":[{"href":"https:\/\/cantagalo.org.br\/index.php?rest_route=%2Fwp%2Fv2%2Fmedia&parent=2"}],"curies":[{"name":"wp","href":"https:\/\/api.w.org\/{rel}","templated":true}]}}